{"id":78,"date":"2026-02-20T13:34:44","date_gmt":"2026-02-20T13:34:44","guid":{"rendered":"https:\/\/www.demo3.shennext.com\/contact\/"},"modified":"2026-03-03T22:24:00","modified_gmt":"2026-03-03T22:24:00","slug":"iletisim","status":"publish","type":"page","link":"https:\/\/www.gulsertekstil.com.tr\/en\/iletisim\/","title":{"rendered":"Contact"},"content":{"rendered":"\n<div class=\"section-wrapper\" data-id=\"HFVEPB\"><section class=\"wp-block-gutenverse-section guten-element guten-section guten-HFVEPB hide-tablet hide-mobile layout-boxed align-stretch\"><div class=\"guten-container guten-column-gap-no\">\n<div class=\"wp-block-gutenverse-column guten-element guten-column guten-Q2QvLd\"><div class=\"guten-column-wrapper\" data-id=\"Q2QvLd\">\n<div class=\"guten-element guten-icon-list guten-HIpSE0\"><div class=\" list-wrapper inline-icon-list\">\n<div class=\"guten-element guten-icon-list-item guten-KsxRNx\"><div class=\"list-divider\"><\/div><a id=\"guten-KsxRNx\"><i class=\"fas fa-map-marker-alt\"><\/i><span class=\"list-text \">M.Nezih \u00d6zmen Mah. Ladin Sok. No:8 Merter \/ \u0130stanbul<\/span><\/a><\/div>\n\n\n\n<div class=\"guten-element guten-icon-list-item guten-wanZmU\"><div class=\"list-divider\"><\/div><a id=\"guten-wanZmU\"><i class=\"fas fa-envelope\"><\/i><span class=\"list-text \">info@gulsertekstil.com.tr<\/span><\/a><\/div>\n\n\n\n<div class=\"guten-element guten-icon-list-item guten-l8PQ4S\"><div class=\"list-divider\"><\/div><a id=\"guten-l8PQ4S\"><i class=\"gtn gtn-phone-call-line\"><\/i><span class=\"list-text \">0212 643 06 28<\/span><\/a><\/div>\n<\/div><\/div>\n<\/div><\/div>\n<\/div><\/section><\/div>\n\n\n\n<div class=\"section-wrapper\" data-id=\"YqFuOP\"><section class=\"wp-block-gutenverse-section guten-element guten-section guten-YqFuOP layout-boxed align-stretch\"><div class=\"guten-container guten-column-gap-no\">\n<div class=\"wp-block-gutenverse-column guten-element guten-column guten-ynv70o\"><div class=\"guten-column-wrapper\" data-id=\"ynv70o\">\n<div class=\"wp-block-gutenverse-image guten-element guten-image guten-gAYyw6\"><a class=\"guten-image-wrapper\" href=\"\/\"><img decoding=\"async\" class=\"gutenverse-image-box-filled\" src=\"https:\/\/www.gulsertekstil.com.tr\/wp-content\/uploads\/2026\/02\/gul-ser-logo-siyah.png\" height=\"106\" width=\"310\"\/><\/a><\/div>\n<\/div><\/div>\n\n\n\n<div class=\"wp-block-gutenverse-column guten-element guten-column guten-9S7vCn\"><div class=\"guten-column-wrapper\" data-id=\"9S7vCn\"><div id=\"guten-6mjg0u\" class=\"guten-element guten-nav-menu nav-menu break-point-tablet submenu-click-title \" data-item-indicator=\"gtn gtn-angle-down-solid\" data-item-indicator-type=\"icon\" data-item-indicator-svg=\"\" data-close-on-click=\"1\" aria-label=\"\">\n\t\t\t<div class=\"gutenverse-hamburger-wrapper\">\n\t\t\t\t<button class=\"gutenverse-hamburger-menu\" aria-label=\"\">\n\t\t\t\t<i aria-hidden=\"true\" class=\"gtn gtn-bars-solid\"><\/i>\n\t\t\t\t<\/button>\n\t\t\t<\/div>\n\t\t\t<div class=\"guten-nav-overlay\"><\/div>\n\t\t\t<div class=\"gutenverse-menu-wrapper\"><div class=\"gutenverse-menu-container\"><ul id=\"menu-textilery-1\" class=\"gutenverse-menu\"><li id=\"menu-item-79\" class=\"menu-item-79  menu-item menu-item-type-post_type menu-item-object-page menu-item-home\"><a href=\"javascript:void(0);\" data-href=\"https:\/\/www.gulsertekstil.com.tr\/en\/\" aria-label=\"Anasayfa\">Anasayfa<\/a><\/li>\n<li id=\"menu-item-80\" class=\"menu-item-80  menu-item menu-item-type-post_type menu-item-object-page\"><a href=\"javascript:void(0);\" data-href=\"https:\/\/www.gulsertekstil.com.tr\/en\/hakkimizda\/\" aria-label=\"Hakk\u0131m\u0131zda\">Hakk\u0131m\u0131zda<\/a><\/li>\n<li id=\"menu-item-418\" class=\"menu-item-418  menu-item menu-item-type-post_type menu-item-object-page\"><a href=\"javascript:void(0);\" data-href=\"https:\/\/www.gulsertekstil.com.tr\/en\/ss27\/\" aria-label=\"Koleksiyonlar\">Koleksiyonlar<\/a><\/li>\n<li id=\"menu-item-375\" class=\"menu-item-375  menu-item menu-item-type-post_type menu-item-object-page\"><a href=\"javascript:void(0);\" data-href=\"https:\/\/www.gulsertekstil.com.tr\/en\/surdurulebilirlik\/\" aria-label=\"S\u00fcrd\u00fcr\u00fclebilirlik\">S\u00fcrd\u00fcr\u00fclebilirlik<\/a><\/li>\n<li id=\"menu-item-90\" class=\"menu-item-90  menu-item menu-item-type-post_type menu-item-object-page\"><a href=\"javascript:void(0);\" data-href=\"https:\/\/www.gulsertekstil.com.tr\/en\/blog\/\" aria-label=\"Blog\">Blog<\/a><\/li>\n<li id=\"menu-item-92\" class=\"menu-item-92  menu-item menu-item-type-post_type menu-item-object-page\"><a href=\"javascript:void(0);\" data-href=\"https:\/\/www.gulsertekstil.com.tr\/en\/iletisim\/\" aria-label=\"\u0130leti\u015fim\">\u0130leti\u015fim<\/a><\/li>\n<li id=\"menu-item-302\" class=\"menu-item-302  trp-language-switcher-container trp-menu-ls-item trp-menu-ls-desktop menu-item menu-item-type-post_type menu-item-object-language_switcher current-language-menu-item\"><a href=\"javascript:void(0);\" data-href=\"https:\/\/www.gulsertekstil.com.tr\/en\/wp-json\/wp\/v2\/pages\/78#TRPLINKPROCESSED\" aria-label=\"TR\"><span class=\"trp-menu-ls-label\" data-no-translation title=\"TR\"><span class=\"trp-ls-language-name\">TR<\/span><\/span><\/a><\/li>\n<\/ul><\/div>\n\t\t\t\t<div>\n\t\t\t\t\t<div class=\"gutenverse-nav-identity-panel\">\n\t\t\t\t\t\t<div class=\"gutenverse-nav-site-title\">\n\t\t\t\t\t\t\t<a aria-label=\"\" href=\"https:\/\/www.gulsertekstil.com.tr\/en\" class=\"gutenverse-nav-logo\"><img decoding=\"async\" loading=\"eager\" src=\"https:\/\/www.gulsertekstil.com.tr\/wp-content\/uploads\/2026\/02\/gul-ser-logo-siyah.png\" alt=\"My Blog - My WordPress Blog\" width=\"310\" height=\"106\"><\/a>\n\t\t\t\t\t\t<\/div>\n\t\t\t\t\t\t<button class=\"gutenverse-close-menu\" aria-label=\"\"><i aria-hidden=\"true\" class=\"gtn gtn-times-solid\"><\/i><\/button>\n\t\t\t\t\t<\/div>\n\t\t\t\t<\/div>\n\t\t\t<\/div>\n\t\t<\/div><\/div><\/div>\n\n\n\n<div class=\"wp-block-gutenverse-column guten-element guten-column guten-H1owEc hide-mobile\"><div class=\"guten-column-wrapper\" data-id=\"H1owEc\"><\/div><\/div>\n<\/div><\/section><\/div>\n\n\n\n<div class=\"section-wrapper\" data-id=\"EVBBUe\"><section class=\"wp-block-gutenverse-section guten-element guten-section guten-EVBBUe layout-boxed align-stretch\"><div class=\"guten-background-overlay\"><\/div><div class=\"guten-container guten-column-gap-default\">\n<div class=\"wp-block-gutenverse-column guten-element guten-column guten-Vpdrti\"><div class=\"guten-column-wrapper\" data-id=\"Vpdrti\">\n<div class=\"section-wrapper\" data-id=\"lAdoS0\"><section class=\"wp-block-gutenverse-section guten-element guten-section guten-lAdoS0 layout-boxed align-stretch\"><div class=\"guten-container guten-column-gap-no\">\n<div class=\"wp-block-gutenverse-column guten-element guten-column guten-MdDm66 animated guten-element-hide desktop-fadeInUp\"><div class=\"guten-column-wrapper\" data-id=\"MdDm66\">\n<h1 class=\"wp-block-gutenverse-heading guten-element guten-lL0Thi\">\u0130leti\u015fim<\/h1>\n<\/div><\/div>\n<\/div><\/section><\/div>\n<\/div><\/div>\n<\/div><\/section><\/div>\n\n\n\n<div class=\"section-wrapper\" data-id=\"6HV9rJ\"><section class=\"wp-block-gutenverse-section guten-element guten-section guten-6HV9rJ layout-boxed align-stretch\"><div class=\"guten-container guten-column-gap-default\">\n<div class=\"wp-block-gutenverse-column guten-element guten-column guten-ZVaKCj\"><div class=\"guten-column-wrapper\" data-id=\"ZVaKCj\">\n<div class=\"guten-element gutenverse-maps guten-maps guten-Ag8TBe\" data-src=\"https:\/\/maps.google.com\/maps?q=G%C3%BCl-Ser%20Tekstil&amp;z=15&amp;t=m&amp;output=embed&amp;iwloc=near\"><iframe frameborder=\"0\" scrolling=\"no\" marginheight=\"0\" marginwidth=\"0\" src=\"\" title=\"G\u00fcl-Ser Tekstil\"><\/iframe><\/div>\n<\/div><\/div>\n<\/div><\/section><\/div>\n\n\n\n<div class=\"section-wrapper\" data-id=\"8QdEyX\"><section class=\"wp-block-gutenverse-section guten-element guten-section guten-8QdEyX layout-boxed align-stretch\"><div class=\"guten-container guten-column-gap-default\">\n<div class=\"wp-block-gutenverse-column guten-element guten-column guten-ZiPQHJ\"><div class=\"guten-column-wrapper\" data-id=\"ZiPQHJ\"><style id=\"wpforms-css-vars-189-block-3c596aa8-7d04-4690-879b-163435e8bf8a\">\n\t\t\t\t#wpforms-189.wpforms-block-3c596aa8-7d04-4690-879b-163435e8bf8a {\n\t\t\t\t--wpforms-label-color: rgba(0, 0, 0, 0.85);\n--wpforms-label-sublabel-color: rgba(0, 0, 0, 0.55);\n--wpforms-field-border-color: rgba(0, 0, 0, 0.25);\n--wpforms-field-border-color-spare: rgba(0, 0, 0, 0.25);\n--wpforms-field-text-color: rgba(0, 0, 0, 0.7);\n--wpforms-button-background-color: #7fc6a4;\n--wpforms-field-size-input-height: 43px;\n--wpforms-field-size-input-spacing: 15px;\n--wpforms-field-size-font-size: 16px;\n--wpforms-field-size-line-height: 19px;\n--wpforms-field-size-padding-h: 14px;\n--wpforms-field-size-checkbox-size: 16px;\n--wpforms-field-size-sublabel-spacing: 5px;\n--wpforms-field-size-icon-size: 1;\n--wpforms-label-size-font-size: 18px;\n--wpforms-label-size-line-height: 21px;\n--wpforms-label-size-sublabel-font-size: 16px;\n--wpforms-label-size-sublabel-line-height: 19px;\n--wpforms-button-size-font-size: 20px;\n--wpforms-button-size-height: 48px;\n--wpforms-button-size-padding-h: 20px;\n--wpforms-button-size-margin-top: 15px;\n\t\t\t}\n\t\t\t<\/style><div class=\"wpforms-container wpforms-container-full wpforms-block wpforms-block-3c596aa8-7d04-4690-879b-163435e8bf8a wpforms-render-modern\" id=\"wpforms-189\"><form id=\"wpforms-form-189\" class=\"wpforms-validate wpforms-form wpforms-ajax-form\" data-formid=\"189\" method=\"post\" enctype=\"multipart\/form-data\" action=\"\/en\/wp-json\/wp\/v2\/pages\/78\" data-token=\"065808703e433cb2b5f8e50434b188ba\" data-token-time=\"1776619294\"><noscript class=\"wpforms-error-noscript\">Please enable JavaScript in your browser to complete this form.<\/noscript><div id=\"wpforms-error-noscript\" style=\"display: none;\">Please enable JavaScript in your browser to complete this form.<\/div><div class=\"wpforms-field-container\"><div id=\"wpforms-189-field_2-container\" class=\"wpforms-field wpforms-field-text\" data-field-id=\"2\"><label class=\"wpforms-field-label\" for=\"wpforms-189-field_2\">Ad\u0131n\u0131z<\/label><input type=\"text\" id=\"wpforms-189-field_2\" class=\"wpforms-field-large\" name=\"wpforms[fields][2]\" aria-errormessage=\"wpforms-189-field_2-error\" ><\/div><div id=\"wpforms-189-field_3-container\" class=\"wpforms-field wpforms-field-email\" data-field-id=\"3\"><label class=\"wpforms-field-label\" for=\"wpforms-189-field_3\">E-posta <span class=\"wpforms-required-label\" aria-hidden=\"true\">*<\/span><\/label><input type=\"email\" id=\"wpforms-189-field_3\" class=\"wpforms-field-large wpforms-field-required\" name=\"wpforms[fields][3]\" spellcheck=\"false\" aria-errormessage=\"wpforms-189-field_3-error\" required><\/div>\t\t<div id=\"wpforms-189-field_1-container\"\n\t\t\tclass=\"wpforms-field wpforms-field-text\"\n\t\t\tdata-field-type=\"text\"\n\t\t\tdata-field-id=\"1\"\n\t\t\t>\n\t\t\t<label class=\"wpforms-field-label\" for=\"wpforms-189-field_1\" >Mesaj\u0131n\u0131z Ba\u015fl\u0131k Ad\u0131n\u0131z<\/label>\n\t\t\t<input type=\"text\" id=\"wpforms-189-field_1\" class=\"wpforms-field-medium\" name=\"wpforms[fields][1]\" >\n\t\t<\/div>\n\t\t<div id=\"wpforms-189-field_4-container\" class=\"wpforms-field wpforms-field-text\" data-field-id=\"4\"><label class=\"wpforms-field-label\" for=\"wpforms-189-field_4\">Ba\u015fl\u0131k<\/label><input type=\"text\" id=\"wpforms-189-field_4\" class=\"wpforms-field-large\" name=\"wpforms[fields][4]\" aria-errormessage=\"wpforms-189-field_4-error\" ><\/div><div id=\"wpforms-189-field_5-container\" class=\"wpforms-field wpforms-field-textarea\" data-field-id=\"5\"><label class=\"wpforms-field-label\" for=\"wpforms-189-field_5\">Mesaj\u0131n\u0131z<\/label><textarea id=\"wpforms-189-field_5\" class=\"wpforms-field-large\" name=\"wpforms[fields][5]\" aria-errormessage=\"wpforms-189-field_5-error\" ><\/textarea><\/div><script>\n\t\t\t\t( function() {\n\t\t\t\t\tconst style = document.createElement( 'style' );\n\t\t\t\t\tstyle.appendChild( document.createTextNode( '#wpforms-189-field_1-container { position: absolute !important; overflow: hidden !important; display: inline !important; height: 1px !important; width: 1px !important; z-index: -1000 !important; padding: 0 !important; } #wpforms-189-field_1-container input { visibility: hidden; } #wpforms-conversational-form-page #wpforms-189-field_1-container label { counter-increment: none; }' ) );\n\t\t\t\t\tdocument.head.appendChild( style );\n\t\t\t\t\tdocument.currentScript?.remove();\n\t\t\t\t} )();\n\t\t\t<\/script><\/div><!-- .wpforms-field-container --><div class=\"wpforms-submit-container\" ><input type=\"hidden\" name=\"wpforms[id]\" value=\"189\"><input type=\"hidden\" name=\"page_title\" value=\"\"><input type=\"hidden\" name=\"page_url\" value=\"https:\/\/www.gulsertekstil.com.tr\/en\/wp-json\/wp\/v2\/pages\/78\"><input type=\"hidden\" name=\"url_referer\" value=\"\"><button type=\"submit\" name=\"wpforms[submit]\" id=\"wpforms-submit-189\" class=\"wpforms-submit\" data-alt-text=\"G\u00f6nderiliyor...\" data-submit-text=\"G\u00f6nder\" aria-live=\"assertive\" value=\"wpforms-submit\">G\u00f6nder<\/button><img decoding=\"async\" src=\"https:\/\/www.gulsertekstil.com.tr\/wp-content\/plugins\/wpforms-lite\/assets\/images\/submit-spin.svg\" class=\"wpforms-submit-spinner\" style=\"display: none;\" width=\"26\" height=\"26\" alt=\"Loading\"><\/div><\/form><\/div>  <!-- .wpforms-container --><\/div><\/div>\n\n\n\n<div class=\"wp-block-gutenverse-column guten-element guten-column guten-X111al\"><div class=\"guten-column-wrapper\" data-id=\"X111al\">\n<h5 class=\"wp-block-gutenverse-heading guten-element guten-EPOALp animated guten-element-hide desktop-fadeInRight\">\u0130leti\u015fim<\/h5>\n\n\n\n<h2 class=\"wp-block-gutenverse-heading guten-element guten-OCDoea animated guten-element-hide desktop-fadeInRight\">Bizimle \u0130leti\u015fime Ge\u00e7in<\/h2>\n\n\n\n<div class=\"guten-element gutenverse-text-editor guten-83QxWS animated guten-element-hide desktop-fadeInRight\"><div class=\"text-content-inner\">\n<p>2002 y\u0131l\u0131nda at\u0131lan sa\u011flam temellerinden g\u00fc\u00e7 alan G\u00fcl-Ser Tekstil, bug\u00fcn \u00f6nde gelen yerel ve uluslararas\u0131 moda markalar\u0131 i\u00e7in stratejik bir \u00e7\u00f6z\u00fcm orta\u011f\u0131 olarak faaliyet g\u00f6stermektedir.<\/p>\n<\/div><\/div>\n\n\n\n<div class=\"section-wrapper\" data-id=\"2heJiq\"><section class=\"wp-block-gutenverse-section guten-element guten-section guten-2heJiq layout-fullwidth align-stretch\"><div class=\"guten-container guten-column-gap-no\">\n<div class=\"wp-block-gutenverse-column guten-element guten-column guten-W00Mk6\"><div class=\"guten-column-wrapper\" data-id=\"W00Mk6\">\n<div class=\"guten-element guten-p39u6H animated guten-element-hide desktop-fadeInUp guten-icon-box icon-position-left\"><div class=\"guten-icon-box-wrapper hover-from-left\"><div class=\"icon-box icon-box-header\"><div class=\"icon bg-style-color\"><i class=\"gtn gtn-cityscape-light icon-style-color\"><\/i><\/div><\/div><div class=\"icon-box icon-box-body\"><h5 class=\"title\">Adres<\/h5><p class=\"icon-box-description\">M.Nezih \u00d6zmen Mah. Ladin Sok. No:8 Merter \/ \u0130stanbul<\/p><\/div><\/div><\/div>\n<\/div><\/div>\n<\/div><\/section><\/div>\n\n\n\n<div class=\"section-wrapper\" data-id=\"eeh2Ai\"><section class=\"wp-block-gutenverse-section guten-element guten-section guten-eeh2Ai layout-fullwidth align-stretch\"><div class=\"guten-container guten-column-gap-no\">\n<div class=\"wp-block-gutenverse-column guten-element guten-column guten-6xq8C2\"><div class=\"guten-column-wrapper\" data-id=\"6xq8C2\">\n<div class=\"guten-element guten-6HzIrv animated guten-element-hide desktop-fadeInLeft guten-icon-box icon-position-left\"><div class=\"guten-icon-box-wrapper hover-from-left\"><div class=\"icon-box icon-box-header\"><div class=\"icon bg-style-color\"><i class=\"gtn gtn-phone-call-line icon-style-color\"><\/i><\/div><\/div><div class=\"icon-box icon-box-body\"><h5 class=\"title\">Telefon<\/h5><p class=\"icon-box-description\">0212 643 06 28<\/p><\/div><\/div><\/div>\n<\/div><\/div>\n\n\n\n<div class=\"wp-block-gutenverse-column guten-element guten-column guten-fH6iTa\"><div class=\"guten-column-wrapper\" data-id=\"fH6iTa\">\n<div class=\"guten-element guten-0bIOUa animated guten-element-hide desktop-fadeInLeft guten-icon-box icon-position-left\"><div class=\"guten-icon-box-wrapper hover-from-left\"><div class=\"icon-box icon-box-header\"><div class=\"icon bg-style-color\"><i class=\"gtn gtn-envelope2-light icon-style-color\"><\/i><\/div><\/div><div class=\"icon-box icon-box-body\"><h5 class=\"title\">Email<\/h5><p class=\"icon-box-description\">info@gulsertekstil.com.tr<\/p><\/div><\/div><\/div>\n<\/div><\/div>\n<\/div><\/section><\/div>\n\n\n\n<div class=\"wp-block-gutenverse-divider guten-element guten-divider guten-bSZOlo\"><div class=\"guten-divider-wrapper\"><div class=\"guten-divider-default guten-divider-line guten-divider-regular\"><\/div><\/div><\/div>\n\n\n\n<div class=\"guten-element guten-social-icons guten-MMYMGk circle horizontal fill animated guten-element-hide desktop-fadeInLeft\">\n<div class=\"guten-element guten-social-icon guten-wuuOpQ facebook\"><a id=\"guten-wuuOpQ\" href=\"https:\/\/www.facebook.com\/profile.php?id=61588524455398&amp;ref=1#\" target=\"_blank\" rel=\"noopener\"><i class=\"gtn gtn-facebook-light\"><\/i><\/a><\/div>\n\n\n\n<div class=\"guten-element guten-social-icon guten-xyGvuB instagram\"><a id=\"guten-xyGvuB\" href=\"https:\/\/www.instagram.com\/gulserfabric\/\" target=\"_blank\" rel=\"noopener\"><i class=\"gtn gtn-instagram-1-light\"><\/i><\/a><\/div>\n\n\n\n<div class=\"guten-element guten-social-icon guten-zRE1kZ link\"><a id=\"guten-zRE1kZ\" href=\"https:\/\/www.linkedin.com\/company\/gulsertekstil\" target=\"_blank\" rel=\"noopener\"><i class=\"gtn gtn-linkedin-light\"><\/i><\/a><\/div>\n<\/div>\n<\/div><\/div>\n<\/div><\/section><\/div>\n\n\n\n<div class=\"section-wrapper\" data-id=\"IU7d4G\"><section class=\"wp-block-gutenverse-section guten-element guten-section guten-IU7d4G layout-boxed align-stretch\"><div class=\"guten-container guten-column-gap-default\">\n<div class=\"wp-block-gutenverse-column guten-element guten-column guten-x55ZcN\"><div class=\"guten-column-wrapper\" data-id=\"x55ZcN\">\n<div class=\"section-wrapper\" data-id=\"3LlIQO\"><section class=\"wp-block-gutenverse-section guten-element guten-section guten-3LlIQO layout-fullwidth align-stretch\"><div class=\"guten-container guten-column-gap-no\">\n<div class=\"wp-block-gutenverse-column guten-element guten-column guten-VLxuIn\"><div class=\"guten-column-wrapper\" data-id=\"VLxuIn\">\n<div class=\"wp-block-gutenverse-image guten-element guten-image guten-2ffFQ1\"><div class=\"guten-image-wrapper\"><img decoding=\"async\" class=\"gutenverse-image-box-filled\" src=\"http:\/\/www.demo3.shennext.com\/wp-content\/uploads\/2026\/02\/gul-ser-logo-beyaz.png\" height=\"106\" width=\"310\"\/><\/div><\/div>\n\n\n\n<div class=\"guten-element gutenverse-text-editor guten-4lUoYd\"><div class=\"text-content-inner\">\n<p>2002 y\u0131l\u0131ndan g\u00fcn\u00fcm\u00fcze kadar sadece kuma\u015f \u00fcretiyoruz.<\/p>\n<\/div><\/div>\n\n\n\n<div class=\"guten-element guten-social-icons guten-q18LSB circle horizontal fill\">\n<div class=\"guten-element guten-social-icon guten-689BjG facebook\"><a id=\"guten-689BjG\" href=\"https:\/\/www.facebook.com\/profile.php?id=61588524455398&amp;ref=1#\" target=\"_blank\" rel=\"noopener\"><i class=\"gtn gtn-facebook-light\"><\/i><\/a><\/div>\n\n\n\n<div class=\"guten-element guten-social-icon guten-Zn0Nw9 instagram\"><a id=\"guten-Zn0Nw9\" href=\"https:\/\/www.instagram.com\/gulser_tekstil\/\" target=\"_blank\" rel=\"noopener\"><i class=\"gtn gtn-instagram-1-light\"><\/i><\/a><\/div>\n\n\n\n<div class=\"guten-element guten-social-icon guten-ZCcgTk link\"><a id=\"guten-ZCcgTk\" href=\"https:\/\/www.linkedin.com\/company\/gulsertekstil\" target=\"_blank\" rel=\"noopener\"><i class=\"gtn gtn-linkedin-light\"><\/i><\/a><\/div>\n<\/div>\n<\/div><\/div>\n\n\n\n<div class=\"wp-block-gutenverse-column guten-element guten-column guten-iySeod\"><div class=\"guten-column-wrapper\" data-id=\"iySeod\">\n<h4 class=\"wp-block-gutenverse-heading guten-element guten-MniglI\">Eri\u015filebilirlik<\/h4>\n\n\n\n<div class=\"wp-block-gutenverse-divider guten-element guten-divider guten-OyAVu4\"><div class=\"guten-divider-wrapper\"><div class=\"guten-divider-default guten-divider-line guten-divider-regular\"><\/div><\/div><\/div>\n\n\n\n<div class=\"guten-element guten-icon-list guten-KuluKY\"><div class=\" list-wrapper \">\n<div class=\"guten-element guten-icon-list-item guten-3QpSpP\"><div class=\"list-divider\"><\/div><a id=\"guten-3QpSpP\" href=\"\/hakkimizda\"><span class=\"list-text \">Hakk\u0131m\u0131zda<\/span><\/a><\/div>\n\n\n\n<div class=\"guten-element guten-icon-list-item guten-8o0bXo\"><div class=\"list-divider\"><\/div><a id=\"guten-8o0bXo\" href=\"\/ss27\"><span class=\"list-text \">Koleksiyonlar<\/span><\/a><\/div>\n\n\n\n<div class=\"guten-element guten-icon-list-item guten-HdqMe4\"><div class=\"list-divider\"><\/div><a id=\"guten-HdqMe4\" href=\"\/surdurulebilirlik\"><span class=\"list-text \">S\u00fcrd\u00fcr\u00fclebilirlik<\/span><\/a><\/div>\n\n\n\n<div class=\"guten-element guten-icon-list-item guten-5G3rho\"><div class=\"list-divider\"><\/div><a id=\"guten-5G3rho\" href=\"\/blog\"><span class=\"list-text \">Blog<\/span><\/a><\/div>\n\n\n\n<div class=\"guten-element guten-icon-list-item guten-f7Kmpi\"><div class=\"list-divider\"><\/div><a id=\"guten-f7Kmpi\" href=\"\/iletisim\"><span class=\"list-text \">\u0130leti\u015fim<\/span><\/a><\/div>\n<\/div><\/div>\n<\/div><\/div>\n\n\n\n<div class=\"wp-block-gutenverse-column guten-element guten-column guten-IHibkl\"><div class=\"guten-column-wrapper\" data-id=\"IHibkl\">\n<h4 class=\"wp-block-gutenverse-heading guten-element guten-sA4IbC\">Koleksiyonlar<\/h4>\n\n\n\n<div class=\"wp-block-gutenverse-divider guten-element guten-divider guten-7Y27rh\"><div class=\"guten-divider-wrapper\"><div class=\"guten-divider-default guten-divider-line guten-divider-regular\"><\/div><\/div><\/div>\n\n\n\n<div class=\"guten-element guten-icon-list guten-gxIn8S\"><div class=\" list-wrapper \">\n<div class=\"guten-element guten-icon-list-item guten-w0YO9s\"><div class=\"list-divider\"><\/div><a id=\"guten-w0YO9s\" href=\"\/ss27\"><span class=\"list-text \">SS27<\/span><\/a><\/div>\n\n\n\n<div class=\"guten-element guten-icon-list-item guten-7w3nJT\"><div class=\"list-divider\"><\/div><a id=\"guten-7w3nJT\" href=\"#\"><span class=\"list-text \">FW26<\/span><\/a><\/div>\n\n\n\n<div class=\"guten-element guten-icon-list-item guten-blZDmo\"><div class=\"list-divider\"><\/div><a id=\"guten-blZDmo\" href=\"#\"><span class=\"list-text \">SS26<\/span><\/a><\/div>\n\n\n\n<div class=\"guten-element guten-icon-list-item guten-KCmikN\"><div class=\"list-divider\"><\/div><a id=\"guten-KCmikN\" href=\"#\"><span class=\"list-text \">FW25<\/span><\/a><\/div>\n\n\n\n<div class=\"guten-element guten-icon-list-item guten-BIo3HO\"><div class=\"list-divider\"><\/div><a id=\"guten-BIo3HO\" href=\"#\"><span class=\"list-text \">SS25<\/span><\/a><\/div>\n<\/div><\/div>\n<\/div><\/div>\n\n\n\n<div class=\"wp-block-gutenverse-column guten-element guten-column guten-THY201\"><div class=\"guten-column-wrapper\" data-id=\"THY201\">\n<h4 class=\"wp-block-gutenverse-heading guten-element guten-3QGNGU\">\u00c7al\u0131\u015fma Saatlerimiz<\/h4>\n\n\n\n<div class=\"wp-block-gutenverse-divider guten-element guten-divider guten-dx6rf5\"><div class=\"guten-divider-wrapper\"><div class=\"guten-divider-default guten-divider-line guten-divider-regular\"><\/div><\/div><\/div>\n\n\n\n<div class=\"guten-element guten-icon-list guten-jRy97i\"><div class=\" list-wrapper \">\n<div class=\"guten-element guten-icon-list-item guten-18hZoF\"><div class=\"list-divider\"><\/div><a id=\"guten-18hZoF\"><i class=\"far fa-clock\"><\/i><span class=\"list-text \">09:00 &#8211; 18:00  Pazartesi &#8211; Cuma<\/span><\/a><\/div>\n\n\n\n<div class=\"guten-element guten-icon-list-item guten-uvNljb\"><div class=\"list-divider\"><\/div><a id=\"guten-uvNljb\"><i class=\"far fa-clock\"><\/i><span class=\"list-text \">09:00 &#8211; 13:00  Cumartesi<\/span><\/a><\/div>\n<\/div><\/div>\n\n\n\n<div class=\"guten-element guten-AvXg14 guten-icon-box icon-position-left\"><div class=\"guten-icon-box-wrapper hover-from-left\"><a class=\"\" href=\"#\"><div class=\"icon-box icon-box-header\"><div class=\"icon bg-style-color\"><i class=\"gtn gtn-phone-line icon-style-color\"><\/i><\/div><\/div><\/a><div class=\"icon-box icon-box-body\"><a class=\"\" href=\"#\"><h5 class=\"title\">Telefon<\/h5><\/a><a class=\"\" href=\"#\"><p class=\"icon-box-description\"><strong>0212 643 06 28<\/strong><\/p><\/a><\/div><\/div><\/div>\n<\/div><\/div>\n<\/div><\/section><\/div>\n\n\n\n<div class=\"section-wrapper\" data-id=\"VkcL09\"><section class=\"wp-block-gutenverse-section guten-element guten-section guten-VkcL09 layout-fullwidth align-stretch\"><div class=\"guten-container guten-column-gap-no\">\n<div class=\"wp-block-gutenverse-column guten-element guten-column guten-R3uzAm\"><div class=\"guten-column-wrapper\" data-id=\"R3uzAm\">\n<div class=\"guten-element gutenverse-text-editor guten-i0B5uz\"><div class=\"text-content-inner\">\n<p class=\"has-link-color wp-elements-81c69212d682cd29e3ade5930a264a43\">Web Tasar\u0131m ve Yaz\u0131l\u0131m: <a href=\"http:\/\/www.shennext.com\" target=\"_blank\" rel=\"noreferrer noopener\">Shennext<\/a><\/p>\n<\/div><\/div>\n<\/div><\/div>\n\n\n\n<div class=\"wp-block-gutenverse-column guten-element guten-column guten-WEMErU\"><div class=\"guten-column-wrapper\" data-id=\"WEMErU\">\n<div class=\"guten-element gutenverse-text-editor guten-OrsUyA\"><div class=\"text-content-inner\">\n<p>Copyright \u00a9 2026. T\u00fcm haklar\u0131 sakl\u0131d\u0131r.<\/p>\n<\/div><\/div>\n<\/div><\/div>\n<\/div><\/section><\/div>\n<\/div><\/div>\n<\/div><\/section><\/div>\n","protected":false},"excerpt":{"rendered":"","protected":false},"author":1,"featured_media":0,"parent":0,"menu_order":0,"comment_status":"closed","ping_status":"closed","template":"blank-canvas","meta":{"footnotes":""},"class_list":["post-78","page","type-page","status-publish","hentry"],"_links":{"self":[{"href":"https:\/\/www.gulsertekstil.com.tr\/en\/wp-json\/wp\/v2\/pages\/78","targetHints":{"allow":["GET"]}}],"collection":[{"href":"https:\/\/www.gulsertekstil.com.tr\/en\/wp-json\/wp\/v2\/pages"}],"about":[{"href":"https:\/\/www.gulsertekstil.com.tr\/en\/wp-json\/wp\/v2\/types\/page"}],"author":[{"embeddable":true,"href":"https:\/\/www.gulsertekstil.com.tr\/en\/wp-json\/wp\/v2\/users\/1"}],"replies":[{"embeddable":true,"href":"https:\/\/www.gulsertekstil.com.tr\/en\/wp-json\/wp\/v2\/comments?post=78"}],"version-history":[{"count":25,"href":"https:\/\/www.gulsertekstil.com.tr\/en\/wp-json\/wp\/v2\/pages\/78\/revisions"}],"predecessor-version":[{"id":482,"href":"https:\/\/www.gulsertekstil.com.tr\/en\/wp-json\/wp\/v2\/pages\/78\/revisions\/482"}],"wp:attachment":[{"href":"https:\/\/www.gulsertekstil.com.tr\/en\/wp-json\/wp\/v2\/media?parent=78"}],"curies":[{"name":"wp","href":"https:\/\/api.w.org\/{rel}","templated":true}]}}